{"id":19783,"date":"2024-02-12T19:05:05","date_gmt":"2024-02-12T19:05:05","guid":{"rendered":"https:\/\/tiendaroy.com\/2025\/?product=toro-2"},"modified":"2025-01-28T11:56:36","modified_gmt":"2025-01-28T11:56:36","slug":"toro-2","status":"publish","type":"product","link":"https:\/\/tiendaroy.com\/2025\/product\/toro-2\/","title":{"rendered":"Toro 2"},"content":{"rendered":"<p>Nuestra linea de bota de trabajo con PUNTA DE ACERO cuenta con alta tecnolog\u00eda para poder darte esa milla extra que necesitas en los trabajos m\u00e1s pesados. Con nuestra tecnolog\u00eda de TPU+PU suela resitente: gasolina, aceites y solventes, alta resistencia a la abraci\u00f3n mec\u00e1nica y su alta tracci\u00f3n hacen el estilo perfecto para cualquier trabajo pesado. Adicional cuenta con una plantilla toppoli, memory foam y una burbuja de gel en el talon para mayor confort.<\/p>\n","protected":false},"excerpt":{"rendered":"<p>Nuestra linea de bota de trabajo con PUNTA DE ACERO cuenta con alta tecnolog\u00eda para poder darte esa milla extra que necesitas en los trabajos m\u00e1s pesados. Con nuestra tecnolog\u00eda de TPU+PU suela resitente: gasolina, aceites y solventes, alta resistencia a la abraci\u00f3n mec\u00e1nica y su alta tracci\u00f3n hacen el estilo perfecto para cualquier trabajo [&hellip;]<\/p>\n","protected":false},"featured_media":19784,"comment_status":"open","ping_status":"closed","template":"","meta":{"_acf_changed":false},"product_brand":[],"product_cat":[312,297,294],"product_tag":[321],"class_list":{"0":"post-19783","1":"product","2":"type-product","3":"status-publish","4":"has-post-thumbnail","6":"product_cat-bota-industrial-caballero","7":"product_cat-botas-para-caballero","8":"product_cat-calzado-para-caballero","9":"product_tag-nubock","10":"pa_piel-nubock","11":"pa_talla-83","12":"pa_talla-85","13":"pa_talla-64","14":"pa_talla-65","15":"pa_talla-67","16":"pa_talla-69","17":"pa_talla-71","19":"first","20":"instock","21":"taxable","22":"shipping-taxable","23":"purchasable","24":"product-type-variable"},"acf":[],"_links":{"self":[{"href":"https:\/\/tiendaroy.com\/2025\/wp-json\/wp\/v2\/product\/19783","targetHints":{"allow":["GET"]}}],"collection":[{"href":"https:\/\/tiendaroy.com\/2025\/wp-json\/wp\/v2\/product"}],"about":[{"href":"https:\/\/tiendaroy.com\/2025\/wp-json\/wp\/v2\/types\/product"}],"replies":[{"embeddable":true,"href":"https:\/\/tiendaroy.com\/2025\/wp-json\/wp\/v2\/comments?post=19783"}],"wp:featuredmedia":[{"embeddable":true,"href":"https:\/\/tiendaroy.com\/2025\/wp-json\/wp\/v2\/media\/19784"}],"wp:attachment":[{"href":"https:\/\/tiendaroy.com\/2025\/wp-json\/wp\/v2\/media?parent=19783"}],"wp:term":[{"taxonomy":"product_brand","embeddable":true,"href":"https:\/\/tiendaroy.com\/2025\/wp-json\/wp\/v2\/product_brand?post=19783"},{"taxonomy":"product_cat","embeddable":true,"href":"https:\/\/tiendaroy.com\/2025\/wp-json\/wp\/v2\/product_cat?post=19783"},{"taxonomy":"product_tag","embeddable":true,"href":"https:\/\/tiendaroy.com\/2025\/wp-json\/wp\/v2\/product_tag?post=19783"}],"curies":[{"name":"wp","href":"https:\/\/api.w.org\/{rel}","templated":true}]}}