{"id":19873,"date":"2024-06-25T12:23:40","date_gmt":"2024-06-25T12:23:40","guid":{"rendered":"https:\/\/tiendaroy.com\/2025\/?product=collin"},"modified":"2025-02-21T09:47:19","modified_gmt":"2025-02-21T09:47:19","slug":"collin","status":"publish","type":"product","link":"https:\/\/tiendaroy.com\/2025\/product\/collin\/","title":{"rendered":"Collin"},"content":{"rendered":"<p>Material: Piel nubock \u00f3leo caf\u00e9 quemado (60), la punta y el tal\u00f3n piel crust lija mate negro.<\/p>\n<p>Bota de trabajo para caballero, amarrada, con pasa cintas para m\u00e1s seguridad el amarre. Con cintas rollizas caf\u00e9 (60).  Con puntera y tal\u00f3n en piel lija negro, ya que ayuda a prevenir el f\u00e1cil desgaste de las \u00e1reas que se pueden da\u00f1ar primero. Leng\u00fceta en lona negra. Cuello enguatado para m\u00e1s suavidad.<br \/>\nForro mesh negro. Con plantilla memory foam.<\/p>\n<p>NUEVA SUELA: Collin, en TPU + PU. En color caramelo\/negro (60).<\/p>\n","protected":false},"excerpt":{"rendered":"<p>Material: Piel nubock \u00f3leo caf\u00e9 quemado (60), la punta y el tal\u00f3n piel crust lija mate negro. Bota de trabajo para caballero, amarrada, con pasa cintas para m\u00e1s seguridad el amarre. Con cintas rollizas caf\u00e9 (60). Con puntera y tal\u00f3n en piel lija negro, ya que ayuda a prevenir el f\u00e1cil desgaste de las \u00e1reas [&hellip;]<\/p>\n","protected":false},"featured_media":19874,"comment_status":"open","ping_status":"closed","template":"","meta":{"_acf_changed":false},"product_brand":[],"product_cat":[312,297,314],"product_tag":[346,324,319],"class_list":{"0":"post-19873","1":"product","2":"type-product","3":"status-publish","4":"has-post-thumbnail","6":"product_cat-bota-industrial-caballero","7":"product_cat-botas-para-caballero","8":"product_cat-rebajas","9":"product_tag-bota-casual","10":"product_tag-bota-industrial","11":"product_tag-nubock-directa-castano","12":"pa_talla-83","13":"pa_talla-85","14":"pa_talla-64","15":"pa_talla-65","16":"pa_talla-67","18":"first","19":"instock","20":"sale","21":"taxable","22":"shipping-taxable","23":"purchasable","24":"product-type-variable"},"acf":[],"_links":{"self":[{"href":"https:\/\/tiendaroy.com\/2025\/wp-json\/wp\/v2\/product\/19873","targetHints":{"allow":["GET"]}}],"collection":[{"href":"https:\/\/tiendaroy.com\/2025\/wp-json\/wp\/v2\/product"}],"about":[{"href":"https:\/\/tiendaroy.com\/2025\/wp-json\/wp\/v2\/types\/product"}],"replies":[{"embeddable":true,"href":"https:\/\/tiendaroy.com\/2025\/wp-json\/wp\/v2\/comments?post=19873"}],"wp:featuredmedia":[{"embeddable":true,"href":"https:\/\/tiendaroy.com\/2025\/wp-json\/wp\/v2\/media\/19874"}],"wp:attachment":[{"href":"https:\/\/tiendaroy.com\/2025\/wp-json\/wp\/v2\/media?parent=19873"}],"wp:term":[{"taxonomy":"product_brand","embeddable":true,"href":"https:\/\/tiendaroy.com\/2025\/wp-json\/wp\/v2\/product_brand?post=19873"},{"taxonomy":"product_cat","embeddable":true,"href":"https:\/\/tiendaroy.com\/2025\/wp-json\/wp\/v2\/product_cat?post=19873"},{"taxonomy":"product_tag","embeddable":true,"href":"https:\/\/tiendaroy.com\/2025\/wp-json\/wp\/v2\/product_tag?post=19873"}],"curies":[{"name":"wp","href":"https:\/\/api.w.org\/{rel}","templated":true}]}}