{"id":19904,"date":"2024-06-25T16:12:59","date_gmt":"2024-06-25T16:12:59","guid":{"rendered":"https:\/\/tiendaroy.com\/2025\/?product=37685"},"modified":"2025-02-21T07:52:41","modified_gmt":"2025-02-21T07:52:41","slug":"37685","status":"publish","type":"product","link":"https:\/\/tiendaroy.com\/2025\/product\/37685\/","title":{"rendered":"Santini"},"content":{"rendered":"<p>Material: Piel napa negro (01)<br \/>\nEstilo mocas\u00edn para hombre, f\u00e1cil de combinar.<br \/>\nTiene el\u00e1stico a los costados para que calce perfecto.<br \/>\nCostura en el plato que estiliza visualmente el zapato, con hilo a color al corte.<br \/>\nIdeal para completar el look perfecto.<\/p>\n<p>Forro plena flor azul (01) plantilla memory foam.<\/p>\n<p>Suela Santini, en TR. En color negro (01)<\/p>\n","protected":false},"excerpt":{"rendered":"<p>Material: Piel napa negro (01) Estilo mocas\u00edn para hombre, f\u00e1cil de combinar. Tiene el\u00e1stico a los costados para que calce perfecto. Costura en el plato que estiliza visualmente el zapato, con hilo a color al corte. Ideal para completar el look perfecto. Forro plena flor azul (01) plantilla memory foam. Suela Santini, en TR. En [&hellip;]<\/p>\n","protected":false},"featured_media":19905,"comment_status":"open","ping_status":"closed","template":"","meta":{"_acf_changed":false},"product_brand":[],"product_cat":[294,298,304,314],"product_tag":[351,350],"class_list":{"0":"post-19904","1":"product","2":"type-product","3":"status-publish","4":"has-post-thumbnail","6":"product_cat-calzado-para-caballero","7":"product_cat-casual-para-caballero","8":"product_cat-formal-para-caballero","9":"product_cat-rebajas","10":"product_tag-calzado-formal-caballero","11":"product_tag-formal-caballero","12":"pa_piel-negro-lustrable","13":"pa_talla-83","14":"pa_talla-85","15":"pa_talla-64","16":"pa_talla-65","17":"pa_talla-67","18":"pa_talla-69","19":"pa_talla-71","21":"first","22":"instock","23":"sale","24":"taxable","25":"shipping-taxable","26":"purchasable","27":"product-type-variable"},"acf":[],"_links":{"self":[{"href":"https:\/\/tiendaroy.com\/2025\/wp-json\/wp\/v2\/product\/19904","targetHints":{"allow":["GET"]}}],"collection":[{"href":"https:\/\/tiendaroy.com\/2025\/wp-json\/wp\/v2\/product"}],"about":[{"href":"https:\/\/tiendaroy.com\/2025\/wp-json\/wp\/v2\/types\/product"}],"replies":[{"embeddable":true,"href":"https:\/\/tiendaroy.com\/2025\/wp-json\/wp\/v2\/comments?post=19904"}],"wp:featuredmedia":[{"embeddable":true,"href":"https:\/\/tiendaroy.com\/2025\/wp-json\/wp\/v2\/media\/19905"}],"wp:attachment":[{"href":"https:\/\/tiendaroy.com\/2025\/wp-json\/wp\/v2\/media?parent=19904"}],"wp:term":[{"taxonomy":"product_brand","embeddable":true,"href":"https:\/\/tiendaroy.com\/2025\/wp-json\/wp\/v2\/product_brand?post=19904"},{"taxonomy":"product_cat","embeddable":true,"href":"https:\/\/tiendaroy.com\/2025\/wp-json\/wp\/v2\/product_cat?post=19904"},{"taxonomy":"product_tag","embeddable":true,"href":"https:\/\/tiendaroy.com\/2025\/wp-json\/wp\/v2\/product_tag?post=19904"}],"curies":[{"name":"wp","href":"https:\/\/api.w.org\/{rel}","templated":true}]}}