{"id":19971,"date":"2024-08-13T11:29:55","date_gmt":"2024-08-13T11:29:55","guid":{"rendered":"https:\/\/tiendaroy.com\/2025\/?product=peru"},"modified":"2025-04-25T09:14:11","modified_gmt":"2025-04-25T09:14:11","slug":"peru","status":"publish","type":"product","link":"https:\/\/tiendaroy.com\/2025\/product\/peru\/","title":{"rendered":"PERU"},"content":{"rendered":"<p>Tipo de piel &#8211; Estilo 1949 Negro (11)<br \/>\n100% Cuero Vacuno con piel HIDROFUGADA.<br \/>\nResistente a la absorci\u00f3n y transmisi\u00f3n de agua.<br \/>\nSuela<br \/>\nResistente a gasolina, aceites y solventes.<br \/>\nAlta resistencia a la abrasi\u00f3n mec\u00e1nica, alta<br \/>\ntracci\u00f3n y absorci\u00f3n de golpes. <\/p>\n<p>Por ser un material elast\u00f3mero, conserva la<br \/>\nmemoria el\u00e1stica creando m\u00e1s comodidad<br \/>\nadapt\u00e1ndose a la forma del pie.<\/p>\n","protected":false},"excerpt":{"rendered":"<p>Tipo de piel &#8211; Estilo 1949 Negro (11) 100% Cuero Vacuno con piel HIDROFUGADA. Resistente a la absorci\u00f3n y transmisi\u00f3n de agua. Suela Resistente a gasolina, aceites y solventes. Alta resistencia a la abrasi\u00f3n mec\u00e1nica, alta tracci\u00f3n y absorci\u00f3n de golpes. Por ser un material elast\u00f3mero, conserva la memoria el\u00e1stica creando m\u00e1s comodidad adapt\u00e1ndose a [&hellip;]<\/p>\n","protected":false},"featured_media":19972,"comment_status":"open","ping_status":"closed","template":"","meta":{"_acf_changed":false},"product_brand":[],"product_cat":[313,312,297,294],"product_tag":[326,361,362],"class_list":{"0":"post-19971","1":"product","2":"type-product","3":"status-publish","4":"has-post-thumbnail","6":"product_cat-bota-casual-caballero","7":"product_cat-bota-industrial-caballero","8":"product_cat-botas-para-caballero","9":"product_cat-calzado-para-caballero","10":"product_tag-botas-de-cuero","11":"product_tag-botas-de-motorista","12":"product_tag-botas-harley-davidson","13":"pa_piel-negro-lustrable","14":"pa_talla-83","15":"pa_talla-85","16":"pa_talla-64","17":"pa_talla-65","18":"pa_talla-67","19":"pa_talla-69","20":"pa_talla-71","22":"first","23":"instock","24":"taxable","25":"shipping-taxable","26":"purchasable","27":"product-type-variable"},"acf":[],"_links":{"self":[{"href":"https:\/\/tiendaroy.com\/2025\/wp-json\/wp\/v2\/product\/19971","targetHints":{"allow":["GET"]}}],"collection":[{"href":"https:\/\/tiendaroy.com\/2025\/wp-json\/wp\/v2\/product"}],"about":[{"href":"https:\/\/tiendaroy.com\/2025\/wp-json\/wp\/v2\/types\/product"}],"replies":[{"embeddable":true,"href":"https:\/\/tiendaroy.com\/2025\/wp-json\/wp\/v2\/comments?post=19971"}],"wp:featuredmedia":[{"embeddable":true,"href":"https:\/\/tiendaroy.com\/2025\/wp-json\/wp\/v2\/media\/19972"}],"wp:attachment":[{"href":"https:\/\/tiendaroy.com\/2025\/wp-json\/wp\/v2\/media?parent=19971"}],"wp:term":[{"taxonomy":"product_brand","embeddable":true,"href":"https:\/\/tiendaroy.com\/2025\/wp-json\/wp\/v2\/product_brand?post=19971"},{"taxonomy":"product_cat","embeddable":true,"href":"https:\/\/tiendaroy.com\/2025\/wp-json\/wp\/v2\/product_cat?post=19971"},{"taxonomy":"product_tag","embeddable":true,"href":"https:\/\/tiendaroy.com\/2025\/wp-json\/wp\/v2\/product_tag?post=19971"}],"curies":[{"name":"wp","href":"https:\/\/api.w.org\/{rel}","templated":true}]}}