{"id":20090,"date":"2024-10-29T12:47:48","date_gmt":"2024-10-29T12:47:48","guid":{"rendered":"https:\/\/tiendaroy.com\/2025\/?product=peru-4"},"modified":"2025-02-20T16:30:06","modified_gmt":"2025-02-20T16:30:06","slug":"peru-4","status":"publish","type":"product","link":"https:\/\/tiendaroy.com\/2025\/product\/peru-4\/","title":{"rendered":"PERU"},"content":{"rendered":"<p>Material:<br \/>\nPiel floater lijada chocolate tierra, combinada con piel nubock nuez en el lateral, leng\u00fceta y<br \/>\ncuello (62)<br \/>\nBota, puede utilizarse para trabajo.<br \/>\nForro de mesh. Con un enguate en la leng\u00fceta y en el cuello para mayor comodidad.<br \/>\nPlantilla de memory foam.<br \/>\nSuela Per\u00fa, elaborada en TPU+PU, color caramelo\/negro (62). Gracias al<br \/>\nmaterial en la cual esta producida, hace que la suela cuente con propiedades beneficiosas entre<br \/>\nlas cuales est\u00e1n: resistencia a gasolina, aceites y solventes y posee alta resistencia al desgaste<br \/>\npara el trabajo duro<\/p>\n","protected":false},"excerpt":{"rendered":"<p>Material: Piel floater lijada chocolate tierra, combinada con piel nubock nuez en el lateral, leng\u00fceta y cuello (62) Bota, puede utilizarse para trabajo. Forro de mesh. Con un enguate en la leng\u00fceta y en el cuello para mayor comodidad. Plantilla de memory foam. Suela Per\u00fa, elaborada en TPU+PU, color caramelo\/negro (62). Gracias al material en [&hellip;]<\/p>\n","protected":false},"featured_media":20091,"comment_status":"open","ping_status":"closed","template":"","meta":{"_acf_changed":false},"product_brand":[],"product_cat":[312,315,297,314],"product_tag":[],"class_list":{"0":"post-20090","1":"product","2":"type-product","3":"status-publish","4":"has-post-thumbnail","6":"product_cat-bota-industrial-caballero","7":"product_cat-botas-con-tecnologia","8":"product_cat-botas-para-caballero","9":"product_cat-rebajas","10":"pa_piel-floater-lijada","11":"pa_talla-83","12":"pa_talla-85","13":"pa_talla-64","14":"pa_talla-65","15":"pa_talla-67","16":"pa_talla-69","17":"pa_talla-71","19":"first","20":"instock","21":"sale","22":"taxable","23":"shipping-taxable","24":"purchasable","25":"product-type-variable"},"acf":[],"_links":{"self":[{"href":"https:\/\/tiendaroy.com\/2025\/wp-json\/wp\/v2\/product\/20090","targetHints":{"allow":["GET"]}}],"collection":[{"href":"https:\/\/tiendaroy.com\/2025\/wp-json\/wp\/v2\/product"}],"about":[{"href":"https:\/\/tiendaroy.com\/2025\/wp-json\/wp\/v2\/types\/product"}],"replies":[{"embeddable":true,"href":"https:\/\/tiendaroy.com\/2025\/wp-json\/wp\/v2\/comments?post=20090"}],"wp:featuredmedia":[{"embeddable":true,"href":"https:\/\/tiendaroy.com\/2025\/wp-json\/wp\/v2\/media\/20091"}],"wp:attachment":[{"href":"https:\/\/tiendaroy.com\/2025\/wp-json\/wp\/v2\/media?parent=20090"}],"wp:term":[{"taxonomy":"product_brand","embeddable":true,"href":"https:\/\/tiendaroy.com\/2025\/wp-json\/wp\/v2\/product_brand?post=20090"},{"taxonomy":"product_cat","embeddable":true,"href":"https:\/\/tiendaroy.com\/2025\/wp-json\/wp\/v2\/product_cat?post=20090"},{"taxonomy":"product_tag","embeddable":true,"href":"https:\/\/tiendaroy.com\/2025\/wp-json\/wp\/v2\/product_tag?post=20090"}],"curies":[{"name":"wp","href":"https:\/\/api.w.org\/{rel}","templated":true}]}}