{"id":20116,"date":"2024-11-07T10:25:58","date_gmt":"2024-11-07T10:25:58","guid":{"rendered":"https:\/\/tiendaroy.com\/2025\/?product=manuelito-2"},"modified":"2025-01-28T11:52:28","modified_gmt":"2025-01-28T11:52:28","slug":"manuelito-2","status":"publish","type":"product","link":"https:\/\/tiendaroy.com\/2025\/product\/manuelito-2\/","title":{"rendered":"Manuelito"},"content":{"rendered":"<p>Bota para ni\u00f1o 100% Cuero, con suela antideslizante, con detalles en lona, que hacen el contraste perfecto para estilos de ni\u00f1o, 3 velcros enfrente para un f\u00e1cil ajuste.<br \/>\nSuela en TR, antideslizante.<\/p>\n","protected":false},"excerpt":{"rendered":"<p>Bota para ni\u00f1o 100% Cuero, con suela antideslizante, con detalles en lona, que hacen el contraste perfecto para estilos de ni\u00f1o, 3 velcros enfrente para un f\u00e1cil ajuste. Suela en TR, antideslizante.<\/p>\n","protected":false},"featured_media":20117,"comment_status":"open","ping_status":"closed","template":"","meta":{"_acf_changed":false},"product_brand":[],"product_cat":[296,292],"product_tag":[366,373,372],"class_list":{"0":"post-20116","1":"product","2":"type-product","3":"status-publish","4":"has-post-thumbnail","6":"product_cat-botas-para-nino","7":"product_cat-calzado-para-nino","8":"product_tag-bota-nino","9":"product_tag-calzado-de-cuero-nino","10":"product_tag-calzado-nino","11":"pa_piel-napa","12":"pa_talla-124","13":"pa_talla-101","14":"pa_talla-103","15":"pa_talla-104","16":"pa_talla-106","17":"pa_talla-107","18":"pa_talla-109","19":"pa_talla-161","20":"pa_talla-80","21":"pa_talla-82","23":"first","24":"instock","25":"taxable","26":"shipping-taxable","27":"purchasable","28":"product-type-variable"},"acf":[],"_links":{"self":[{"href":"https:\/\/tiendaroy.com\/2025\/wp-json\/wp\/v2\/product\/20116","targetHints":{"allow":["GET"]}}],"collection":[{"href":"https:\/\/tiendaroy.com\/2025\/wp-json\/wp\/v2\/product"}],"about":[{"href":"https:\/\/tiendaroy.com\/2025\/wp-json\/wp\/v2\/types\/product"}],"replies":[{"embeddable":true,"href":"https:\/\/tiendaroy.com\/2025\/wp-json\/wp\/v2\/comments?post=20116"}],"wp:featuredmedia":[{"embeddable":true,"href":"https:\/\/tiendaroy.com\/2025\/wp-json\/wp\/v2\/media\/20117"}],"wp:attachment":[{"href":"https:\/\/tiendaroy.com\/2025\/wp-json\/wp\/v2\/media?parent=20116"}],"wp:term":[{"taxonomy":"product_brand","embeddable":true,"href":"https:\/\/tiendaroy.com\/2025\/wp-json\/wp\/v2\/product_brand?post=20116"},{"taxonomy":"product_cat","embeddable":true,"href":"https:\/\/tiendaroy.com\/2025\/wp-json\/wp\/v2\/product_cat?post=20116"},{"taxonomy":"product_tag","embeddable":true,"href":"https:\/\/tiendaroy.com\/2025\/wp-json\/wp\/v2\/product_tag?post=20116"}],"curies":[{"name":"wp","href":"https:\/\/api.w.org\/{rel}","templated":true}]}}