{"id":20772,"date":"2025-02-24T12:06:39","date_gmt":"2025-02-24T12:06:39","guid":{"rendered":"https:\/\/tiendaroy.com\/2025\/?product=rotex-2-2"},"modified":"2025-04-07T15:44:57","modified_gmt":"2025-04-07T15:44:57","slug":"rotex-2-2","status":"publish","type":"product","link":"https:\/\/tiendaroy.com\/2025\/product\/rotex-2-2\/","title":{"rendered":"Rotex 2"},"content":{"rendered":"<p>Material: Piel Crust Cristal Champagne(65)<\/p>\n<p>Forro sint\u00e9tico maple transpirable. El cincho lleva un hebillero el\u00e1stico para un mejor ajuste.<\/p>\n<p>Plantilla de l\u00e1tex con un dise\u00f1o nuevo y original.<\/p>\n<p>El dise\u00f1o consta de dos piezas que se entrelazan entre s\u00ed para tener un diferenciador de dise\u00f1o, sin salir de lo convencional.<\/p>\n<p>Suela Rotex 2 elaborada de PU,caf\u00e9 mate\/madera (16\/65), con una altura de suela de 8.3cm.<span class=\"Apple-converted-space\">\u00a0<\/span><\/p>\n<p>Gracias al material de la suela, es un calzado muy liviano.<\/p>\n","protected":false},"excerpt":{"rendered":"<p>Material: Piel Crust Cristal Champagne(65) Forro sint\u00e9tico maple transpirable. El cincho lleva un hebillero el\u00e1stico para un mejor ajuste. Plantilla de l\u00e1tex con un dise\u00f1o nuevo y original. El dise\u00f1o consta de dos piezas que se entrelazan entre s\u00ed para tener un diferenciador de dise\u00f1o, sin salir de lo convencional. Suela Rotex 2 elaborada de [&hellip;]<\/p>\n","protected":false},"featured_media":20773,"comment_status":"open","ping_status":"closed","template":"","meta":{"_acf_changed":false},"product_brand":[],"product_cat":[314,303],"product_tag":[383,482,466,468,469],"class_list":{"0":"post-20772","1":"product","2":"type-product","3":"status-publish","4":"has-post-thumbnail","6":"product_cat-rebajas","7":"product_cat-sandalia-para-dama","8":"product_tag-sandalia-100-cuero","9":"product_tag-sandalia-cuna-cafe","10":"product_tag-sandalia-de-cuero","11":"product_tag-sandalia-de-cuna","12":"product_tag-sandalia-roy","13":"pa_piel-cross-cristal","14":"pa_talla-161","15":"pa_talla-80","16":"pa_talla-82","17":"pa_talla-83","18":"pa_talla-85","19":"pa_talla-64","21":"first","22":"instock","23":"sale","24":"taxable","25":"shipping-taxable","26":"purchasable","27":"product-type-variable"},"acf":[],"_links":{"self":[{"href":"https:\/\/tiendaroy.com\/2025\/wp-json\/wp\/v2\/product\/20772","targetHints":{"allow":["GET"]}}],"collection":[{"href":"https:\/\/tiendaroy.com\/2025\/wp-json\/wp\/v2\/product"}],"about":[{"href":"https:\/\/tiendaroy.com\/2025\/wp-json\/wp\/v2\/types\/product"}],"replies":[{"embeddable":true,"href":"https:\/\/tiendaroy.com\/2025\/wp-json\/wp\/v2\/comments?post=20772"}],"wp:featuredmedia":[{"embeddable":true,"href":"https:\/\/tiendaroy.com\/2025\/wp-json\/wp\/v2\/media\/20773"}],"wp:attachment":[{"href":"https:\/\/tiendaroy.com\/2025\/wp-json\/wp\/v2\/media?parent=20772"}],"wp:term":[{"taxonomy":"product_brand","embeddable":true,"href":"https:\/\/tiendaroy.com\/2025\/wp-json\/wp\/v2\/product_brand?post=20772"},{"taxonomy":"product_cat","embeddable":true,"href":"https:\/\/tiendaroy.com\/2025\/wp-json\/wp\/v2\/product_cat?post=20772"},{"taxonomy":"product_tag","embeddable":true,"href":"https:\/\/tiendaroy.com\/2025\/wp-json\/wp\/v2\/product_tag?post=20772"}],"curies":[{"name":"wp","href":"https:\/\/api.w.org\/{rel}","templated":true}]}}